{"id":14,"date":"2012-12-03T15:42:44","date_gmt":"2012-12-03T15:42:44","guid":{"rendered":"http:\/\/tomasdasilva.com\/?page_id=14"},"modified":"2014-09-26T11:57:05","modified_gmt":"2014-09-26T11:57:05","slug":"contacto","status":"publish","type":"page","link":"https:\/\/tomasdasilva.com\/?page_id=14","title":{"rendered":"Contacto"},"content":{"rendered":"<p>Actualmente resido en Barcelona, pero me desplazo\u00a0 a cualquier parte para realizar mi trabajo. Da lo mismo si es una localizaci\u00f3n nacional o extranjera.<\/p>\n<p>Para cualquier aclaraci\u00f3n no dudes en consultarme!<\/p>\n<p>Si quieres puedes rellenar este formulario con tu nombre y correo y me pondr\u00e9 en contacto contigo lo antes posible.<\/p>\n<p>Gracias!<\/p>\n<p>&nbsp;<\/p>\n<p><a href=\"mailto: tomas@tomasdasilva.com\">\u00a0<\/a><\/p>\n<p>&nbsp;<\/p>\n","protected":false},"excerpt":{"rendered":"<p>Actualmente resido en Barcelona, pero me desplazo\u00a0 a cualquier parte para realizar mi trabajo. Da lo mismo si es una localizaci\u00f3n nacional o extranjera. Para cualquier aclaraci\u00f3n no dudes en consultarme! Si quieres puedes rellenar este formulario con tu nombre y correo y me pondr\u00e9 en contacto contigo lo antes posible. Gracias! &nbsp; \u00a0 &nbsp;<\/p>\n","protected":false},"author":2,"featured_media":0,"parent":0,"menu_order":0,"comment_status":"open","ping_status":"open","template":"template-contact.php","meta":{"footnotes":""},"class_list":["post-14","page","type-page","status-publish","hentry"],"_links":{"self":[{"href":"https:\/\/tomasdasilva.com\/index.php?rest_route=\/wp\/v2\/pages\/14","targetHints":{"allow":["GET"]}}],"collection":[{"href":"https:\/\/tomasdasilva.com\/index.php?rest_route=\/wp\/v2\/pages"}],"about":[{"href":"https:\/\/tomasdasilva.com\/index.php?rest_route=\/wp\/v2\/types\/page"}],"author":[{"embeddable":true,"href":"https:\/\/tomasdasilva.com\/index.php?rest_route=\/wp\/v2\/users\/2"}],"replies":[{"embeddable":true,"href":"https:\/\/tomasdasilva.com\/index.php?rest_route=%2Fwp%2Fv2%2Fcomments&post=14"}],"version-history":[{"count":20,"href":"https:\/\/tomasdasilva.com\/index.php?rest_route=\/wp\/v2\/pages\/14\/revisions"}],"predecessor-version":[{"id":22,"href":"https:\/\/tomasdasilva.com\/index.php?rest_route=\/wp\/v2\/pages\/14\/revisions\/22"}],"wp:attachment":[{"href":"https:\/\/tomasdasilva.com\/index.php?rest_route=%2Fwp%2Fv2%2Fmedia&parent=14"}],"curies":[{"name":"wp","href":"https:\/\/api.w.org\/{rel}","templated":true}]}}