{"id":241,"date":"2012-12-10T11:46:31","date_gmt":"2012-12-10T11:46:31","guid":{"rendered":"http:\/\/tomasdasilva.com\/?page_id=241"},"modified":"2021-02-18T10:41:24","modified_gmt":"2021-02-18T10:41:24","slug":"clientes","status":"publish","type":"page","link":"https:\/\/tomasdasilva.com\/?page_id=241","title":{"rendered":"Clientes"},"content":{"rendered":"<h3>Algunos de los clientes con los que trabajo:<\/h3>\n<p><strong>Drac Pixel Group<\/strong>\u00a0(Volkswagen, Bayer, Royal Canin, Inmocaixa, Carburos Met\u00e1licos, Air Products, Linde, Laboratorios Salvat, Bluespace, Sacyr-Vallehermoso, La Metal\u00fargica, Novotecnic &#8230;)<\/p>\n<p><strong>RBA<\/strong> (Revista Mente Sana, Revista Tu Beb\u00e9, Revista Cuerpomente)<\/p>\n<p><strong>Prisma Publicaciones<\/strong> (Revista Interiores, Revista Cocinas &amp; Ba\u00f1os, Revista Living Deco)<\/p>\n<p><strong>b720 Arquitectos.<\/strong><\/p>\n<p><strong>BCN Advisors.<\/strong><\/p>\n<p><strong>Axioma Comunicaci\u00f3n<\/strong> (Danone)<\/p>\n<p><strong>BASF Espa\u00f1ola.<\/strong><\/p>\n<p><strong>CEGE<\/strong> (Novartis, Laboratorios Esteve, Credit Andorr\u00e1)<\/p>\n<p><strong>Col-legi d&#8217;Enginyers de Barcelona <\/strong>(Revista Theknos)<\/p>\n<p><strong>Ram\u00f3n Soler.<\/strong><\/p>\n<p><strong>Across Health.<\/strong><\/p>\n<p>&nbsp;<\/p>\n<p>&nbsp;<\/p>\n<p>&nbsp;<\/p>\n","protected":false},"excerpt":{"rendered":"<p>Algunos de los clientes con los que trabajo: Drac Pixel Group\u00a0(Volkswagen, Bayer, Royal Canin, Inmocaixa, Carburos Met\u00e1licos, Air Products, Linde, Laboratorios Salvat, Bluespace, Sacyr-Vallehermoso, La Metal\u00fargica, Novotecnic &#8230;) RBA (Revista Mente Sana, Revista Tu Beb\u00e9, Revista Cuerpomente) Prisma Publicaciones (Revista Interiores, Revista Cocinas &amp; Ba\u00f1os, Revista Living Deco) b720 Arquitectos. BCN Advisors. Axioma Comunicaci\u00f3n (Danone) [&hellip;]<\/p>\n","protected":false},"author":2,"featured_media":0,"parent":237,"menu_order":0,"comment_status":"open","ping_status":"open","template":"","meta":{"footnotes":""},"class_list":["post-241","page","type-page","status-publish","hentry"],"_links":{"self":[{"href":"https:\/\/tomasdasilva.com\/index.php?rest_route=\/wp\/v2\/pages\/241","targetHints":{"allow":["GET"]}}],"collection":[{"href":"https:\/\/tomasdasilva.com\/index.php?rest_route=\/wp\/v2\/pages"}],"about":[{"href":"https:\/\/tomasdasilva.com\/index.php?rest_route=\/wp\/v2\/types\/page"}],"author":[{"embeddable":true,"href":"https:\/\/tomasdasilva.com\/index.php?rest_route=\/wp\/v2\/users\/2"}],"replies":[{"embeddable":true,"href":"https:\/\/tomasdasilva.com\/index.php?rest_route=%2Fwp%2Fv2%2Fcomments&post=241"}],"version-history":[{"count":20,"href":"https:\/\/tomasdasilva.com\/index.php?rest_route=\/wp\/v2\/pages\/241\/revisions"}],"predecessor-version":[{"id":737,"href":"https:\/\/tomasdasilva.com\/index.php?rest_route=\/wp\/v2\/pages\/241\/revisions\/737"}],"up":[{"embeddable":true,"href":"https:\/\/tomasdasilva.com\/index.php?rest_route=\/wp\/v2\/pages\/237"}],"wp:attachment":[{"href":"https:\/\/tomasdasilva.com\/index.php?rest_route=%2Fwp%2Fv2%2Fmedia&parent=241"}],"curies":[{"name":"wp","href":"https:\/\/api.w.org\/{rel}","templated":true}]}}